{"id":8,"date":"2024-09-09T21:08:34","date_gmt":"2024-09-09T21:08:34","guid":{"rendered":"https:\/\/abogadopedrocarvajal.cl\/?page_id=8"},"modified":"2024-10-13T20:26:31","modified_gmt":"2024-10-13T20:26:31","slug":"inicio","status":"publish","type":"page","link":"https:\/\/abogadopedrocarvajal.cl\/","title":{"rendered":""},"content":{"rendered":"\n<h2 class=\"wp-block-heading has-text-align-center has-ast-global-color-5-color has-text-color has-link-color has-x-large-font-size wp-elements-550b0923610adcc500c29957928e2f14\"><\/h2>\n\n\n\n<p><\/p>\n\n\n\n<h2 class=\"wp-block-heading\"><\/h2>\n\n\n\n<p><\/p>\n\n\n\n<div class=\"wp-block-cover alignfull is-light wp-elements-a2e651260f81648533b5020ab562aa9b has-aspect-ratio\" style=\"margin-top:var(--wp--preset--spacing--20);margin-bottom:var(--wp--preset--spacing--20);padding-top:0;padding-right:0;padding-bottom:0;padding-left:0;min-height:658px;aspect-ratio:16\/9;min-height:unset;\"><span aria-hidden=\"true\" class=\"wp-block-cover__background has-vivid-green-cyan-background-color has-background-dim-0 has-background-dim\"><\/span><video class=\"wp-block-cover__video-background intrinsic-ignore\" autoplay muted loop playsinline src=\"https:\/\/abogadopedrocarvajal.cl\/wp-content\/uploads\/2024\/09\/Agregar-un-titulo.mp4\" style=\"object-position:85% 85%\" data-object-fit=\"cover\" data-object-position=\"85% 85%\"><\/video><div class=\"wp-block-cover__inner-container is-layout-constrained wp-container-core-cover-is-layout-c7d32675 wp-block-cover-is-layout-constrained\">\n<div class=\"wp-block-columns is-layout-flex wp-container-core-columns-is-layout-28f84493 wp-block-columns-is-layout-flex\">\n<div class=\"wp-block-column is-vertically-aligned-center is-layout-flow wp-block-column-is-layout-flow\"><\/div>\n\n\n\n<div class=\"wp-block-column is-layout-flow wp-block-column-is-layout-flow\"><\/div>\n<\/div>\n<\/div><\/div>\n\n\n\n<figure class=\"wp-block-image alignfull size-full\"><img loading=\"lazy\" decoding=\"async\" width=\"1366\" height=\"768\" src=\"https:\/\/abogadopedrocarvajal.cl\/wp-content\/uploads\/2024\/09\/1-1.png\" alt=\"\" class=\"wp-image-89\" srcset=\"https:\/\/abogadopedrocarvajal.cl\/wp-content\/uploads\/2024\/09\/1-1.png 1366w, https:\/\/abogadopedrocarvajal.cl\/wp-content\/uploads\/2024\/09\/1-1-300x169.png 300w, https:\/\/abogadopedrocarvajal.cl\/wp-content\/uploads\/2024\/09\/1-1-1024x576.png 1024w, https:\/\/abogadopedrocarvajal.cl\/wp-content\/uploads\/2024\/09\/1-1-768x432.png 768w\" sizes=\"auto, (max-width: 1366px) 100vw, 1366px\" \/><\/figure>\n\n\n\n<figure class=\"wp-block-image alignfull size-full\"><img loading=\"lazy\" decoding=\"async\" width=\"1366\" height=\"768\" src=\"https:\/\/abogadopedrocarvajal.cl\/wp-content\/uploads\/2024\/09\/3.png\" alt=\"\" class=\"wp-image-90\" srcset=\"https:\/\/abogadopedrocarvajal.cl\/wp-content\/uploads\/2024\/09\/3.png 1366w, https:\/\/abogadopedrocarvajal.cl\/wp-content\/uploads\/2024\/09\/3-300x169.png 300w, https:\/\/abogadopedrocarvajal.cl\/wp-content\/uploads\/2024\/09\/3-1024x576.png 1024w, https:\/\/abogadopedrocarvajal.cl\/wp-content\/uploads\/2024\/09\/3-768x432.png 768w\" sizes=\"auto, (max-width: 1366px) 100vw, 1366px\" \/><\/figure>\n\n\n\n<figure class=\"wp-block-image alignfull size-large\"><img loading=\"lazy\" decoding=\"async\" width=\"1024\" height=\"576\" src=\"https:\/\/abogadopedrocarvajal.cl\/wp-content\/uploads\/2024\/10\/4-2-1024x576.png\" alt=\"\" class=\"wp-image-184\" srcset=\"https:\/\/abogadopedrocarvajal.cl\/wp-content\/uploads\/2024\/10\/4-2-1024x576.png 1024w, https:\/\/abogadopedrocarvajal.cl\/wp-content\/uploads\/2024\/10\/4-2-300x169.png 300w, https:\/\/abogadopedrocarvajal.cl\/wp-content\/uploads\/2024\/10\/4-2-768x432.png 768w, https:\/\/abogadopedrocarvajal.cl\/wp-content\/uploads\/2024\/10\/4-2.png 1366w\" sizes=\"auto, (max-width: 1024px) 100vw, 1024px\" \/><\/figure>\n\n\n\n<figure class=\"wp-block-image alignfull size-large\"><img loading=\"lazy\" decoding=\"async\" width=\"1024\" height=\"576\" src=\"https:\/\/abogadopedrocarvajal.cl\/wp-content\/uploads\/2024\/10\/5-1024x576.png\" alt=\"\" class=\"wp-image-154\" srcset=\"https:\/\/abogadopedrocarvajal.cl\/wp-content\/uploads\/2024\/10\/5-1024x576.png 1024w, https:\/\/abogadopedrocarvajal.cl\/wp-content\/uploads\/2024\/10\/5-300x169.png 300w, https:\/\/abogadopedrocarvajal.cl\/wp-content\/uploads\/2024\/10\/5-768x432.png 768w, https:\/\/abogadopedrocarvajal.cl\/wp-content\/uploads\/2024\/10\/5.png 1366w\" sizes=\"auto, (max-width: 1024px) 100vw, 1024px\" \/><\/figure>\n\n\n\n<figure class=\"wp-block-image alignfull size-large\"><img loading=\"lazy\" decoding=\"async\" width=\"1024\" height=\"576\" src=\"https:\/\/abogadopedrocarvajal.cl\/wp-content\/uploads\/2024\/10\/6-4-1024x576.png\" alt=\"\" class=\"wp-image-187\" srcset=\"https:\/\/abogadopedrocarvajal.cl\/wp-content\/uploads\/2024\/10\/6-4-1024x576.png 1024w, https:\/\/abogadopedrocarvajal.cl\/wp-content\/uploads\/2024\/10\/6-4-300x169.png 300w, https:\/\/abogadopedrocarvajal.cl\/wp-content\/uploads\/2024\/10\/6-4-768x432.png 768w, https:\/\/abogadopedrocarvajal.cl\/wp-content\/uploads\/2024\/10\/6-4.png 1366w\" sizes=\"auto, (max-width: 1024px) 100vw, 1024px\" \/><\/figure>\n\n\n\n<figure class=\"wp-block-gallery alignfull has-nested-images columns-default is-cropped wp-block-gallery-1 is-layout-flex wp-block-gallery-is-layout-flex\">\n<figure class=\"wp-block-image alignfull size-large\"><img loading=\"lazy\" decoding=\"async\" width=\"1024\" height=\"576\" data-id=\"177\" src=\"https:\/\/abogadopedrocarvajal.cl\/wp-content\/uploads\/2024\/10\/7-1-1024x576.png\" alt=\"\" class=\"wp-image-177\" srcset=\"https:\/\/abogadopedrocarvajal.cl\/wp-content\/uploads\/2024\/10\/7-1-1024x576.png 1024w, https:\/\/abogadopedrocarvajal.cl\/wp-content\/uploads\/2024\/10\/7-1-300x169.png 300w, https:\/\/abogadopedrocarvajal.cl\/wp-content\/uploads\/2024\/10\/7-1-768x432.png 768w, https:\/\/abogadopedrocarvajal.cl\/wp-content\/uploads\/2024\/10\/7-1.png 1366w\" sizes=\"auto, (max-width: 1024px) 100vw, 1024px\" \/><\/figure>\n<\/figure>\n\n\n\n<figure class=\"wp-block-image alignfull size-large\"><img loading=\"lazy\" decoding=\"async\" width=\"1024\" height=\"576\" src=\"https:\/\/abogadopedrocarvajal.cl\/wp-content\/uploads\/2024\/10\/8-1-1024x576.png\" alt=\"\" class=\"wp-image-179\" srcset=\"https:\/\/abogadopedrocarvajal.cl\/wp-content\/uploads\/2024\/10\/8-1-1024x576.png 1024w, https:\/\/abogadopedrocarvajal.cl\/wp-content\/uploads\/2024\/10\/8-1-300x169.png 300w, https:\/\/abogadopedrocarvajal.cl\/wp-content\/uploads\/2024\/10\/8-1-768x432.png 768w, https:\/\/abogadopedrocarvajal.cl\/wp-content\/uploads\/2024\/10\/8-1.png 1366w\" sizes=\"auto, (max-width: 1024px) 100vw, 1024px\" \/><\/figure>\n\n\n\n<figure class=\"wp-block-image alignfull size-large\"><img loading=\"lazy\" decoding=\"async\" width=\"1024\" height=\"576\" src=\"https:\/\/abogadopedrocarvajal.cl\/wp-content\/uploads\/2024\/10\/8-1024x576.png\" alt=\"\" class=\"wp-image-166\" srcset=\"https:\/\/abogadopedrocarvajal.cl\/wp-content\/uploads\/2024\/10\/8-1024x576.png 1024w, https:\/\/abogadopedrocarvajal.cl\/wp-content\/uploads\/2024\/10\/8-300x169.png 300w, https:\/\/abogadopedrocarvajal.cl\/wp-content\/uploads\/2024\/10\/8-768x432.png 768w, https:\/\/abogadopedrocarvajal.cl\/wp-content\/uploads\/2024\/10\/8.png 1366w\" sizes=\"auto, (max-width: 1024px) 100vw, 1024px\" \/><\/figure>\n\n\n\n<div style=\"aspect-ratio:16\/9;min-height:unset;\" class=\"wp-block-cover alignfull is-light has-aspect-ratio\"><span aria-hidden=\"true\" class=\"wp-block-cover__background has-background-dim-20 has-background-dim\" style=\"background-color:#FFF\"><\/span><video class=\"wp-block-cover__video-background intrinsic-ignore\" autoplay muted loop playsinline src=\"https:\/\/abogadopedrocarvajal.cl\/wp-content\/uploads\/2024\/10\/Agregar-un-titulo-1.mp4\" style=\"object-position:83% 78%\" data-object-fit=\"cover\" data-object-position=\"83% 78%\"><\/video><div class=\"wp-block-cover__inner-container is-layout-constrained wp-block-cover-is-layout-constrained\">\n<p class=\"has-text-align-center has-large-font-size\"><\/p>\n<\/div><\/div>\n\n\n\n<figure class=\"wp-block-image alignfull size-large\"><img loading=\"lazy\" decoding=\"async\" width=\"1024\" height=\"576\" src=\"https:\/\/abogadopedrocarvajal.cl\/wp-content\/uploads\/2024\/09\/pedroweb-1024x576.png\" alt=\"\" class=\"wp-image-128\" srcset=\"https:\/\/abogadopedrocarvajal.cl\/wp-content\/uploads\/2024\/09\/pedroweb-1024x576.png 1024w, https:\/\/abogadopedrocarvajal.cl\/wp-content\/uploads\/2024\/09\/pedroweb-300x169.png 300w, https:\/\/abogadopedrocarvajal.cl\/wp-content\/uploads\/2024\/09\/pedroweb-768x432.png 768w, https:\/\/abogadopedrocarvajal.cl\/wp-content\/uploads\/2024\/09\/pedroweb.png 1366w\" sizes=\"auto, (max-width: 1024px) 100vw, 1024px\" \/><\/figure>\n\n\n\n<div class=\"wp-block-group alignfull has-ast-global-color-5-background-color has-background is-layout-constrained wp-container-core-group-is-layout-94d206d0 wp-block-group-is-layout-constrained\" id=\"about\" style=\"padding-top:143px;padding-bottom:144px\">\n<div class=\"wp-block-media-text has-media-on-the-right is-stacked-on-mobile is-vertically-aligned-center\"><div class=\"wp-block-media-text__content\">\n<div class=\"inherit-container-width wp-block-group is-layout-constrained wp-container-core-group-is-layout-47ce07ec wp-block-group-is-layout-constrained\" style=\"padding-right:80px\">\n<h2 class=\"wp-block-heading\" style=\"padding-right:40px\"><\/h2>\n\n\n\n<p><\/p>\n\n\n\n<p>Mi objetivo es que seas representado por un concejal preparado para hacer bien el trabajo y tomar decisiones, defender tus intereses, garantizando una gesti\u00f3n transparente y eficiente. Fiscalizar la gesti\u00f3n municipal, asegurando una correcta administraci\u00f3n del presupuesto y evaluar iniciativas que impacten \u00e1reas clave como infraestructura, medioambiente, trabajo, seguridad, educaci\u00f3n, salud y cultura.<\/p>\n<\/div>\n<\/div><figure class=\"wp-block-media-text__media\"><img loading=\"lazy\" decoding=\"async\" width=\"1024\" height=\"1024\" src=\"https:\/\/abogadopedrocarvajal.cl\/wp-content\/uploads\/2024\/09\/Municipalidad-Rinconada-de-Los-Andes-1024x1024.png\" alt=\"\" class=\"wp-image-37 size-full\" srcset=\"https:\/\/abogadopedrocarvajal.cl\/wp-content\/uploads\/2024\/09\/Municipalidad-Rinconada-de-Los-Andes-1024x1024.png 1024w, https:\/\/abogadopedrocarvajal.cl\/wp-content\/uploads\/2024\/09\/Municipalidad-Rinconada-de-Los-Andes-300x300.png 300w, https:\/\/abogadopedrocarvajal.cl\/wp-content\/uploads\/2024\/09\/Municipalidad-Rinconada-de-Los-Andes-150x150.png 150w, https:\/\/abogadopedrocarvajal.cl\/wp-content\/uploads\/2024\/09\/Municipalidad-Rinconada-de-Los-Andes-768x768.png 768w, https:\/\/abogadopedrocarvajal.cl\/wp-content\/uploads\/2024\/09\/Municipalidad-Rinconada-de-Los-Andes.png 1080w\" sizes=\"auto, (max-width: 1024px) 100vw, 1024px\" \/><\/figure><\/div>\n<\/div>\n\n\n\n<p><\/p>\n","protected":false},"excerpt":{"rendered":"<p>Mi objetivo es que seas representado por un concejal preparado para hacer bien el trabajo y tomar decisiones, defender tus [&hellip;]<\/p>\n","protected":false},"author":1,"featured_media":0,"parent":0,"menu_order":0,"comment_status":"closed","ping_status":"closed","template":"","meta":{"site-sidebar-layout":"no-sidebar","site-content-layout":"plain-container","ast-site-content-layout":"","site-content-style":"default","site-sidebar-style":"default","ast-global-header-display":"","ast-banner-title-visibility":"","ast-main-header-display":"","ast-hfb-above-header-display":"","ast-hfb-below-header-display":"","ast-hfb-mobile-header-display":"","site-post-title":"disabled","ast-breadcrumbs-content":"","ast-featured-img":"","footer-sml-layout":"","theme-transparent-header-meta":"enabled","adv-header-id-meta":"","stick-header-meta":"","header-above-stick-meta":"","header-main-stick-meta":"","header-below-stick-meta":"","astra-migrate-meta-layouts":"default","ast-page-background-enabled":"default","ast-page-background-meta":{"desktop":{"background-color":"var(--ast-global-color-4)","background-image":"","background-repeat":"repeat","background-position":"center center","background-size":"auto","background-attachment":"scroll","background-type":"","background-media":"","overlay-type":"","overlay-color":"","overlay-opacity":"","overlay-gradient":""},"tablet":{"background-color":"","background-image":"","background-repeat":"repeat","background-position":"center center","background-size":"auto","background-attachment":"scroll","background-type":"","background-media":"","overlay-type":"","overlay-color":"","overlay-opacity":"","overlay-gradient":""},"mobile":{"background-color":"","background-image":"","background-repeat":"repeat","background-position":"center center","background-size":"auto","background-attachment":"scroll","background-type":"","background-media":"","overlay-type":"","overlay-color":"","overlay-opacity":"","overlay-gradient":""}},"ast-content-background-meta":{"desktop":{"background-color":"var(--ast-global-color-5)","background-image":"","background-repeat":"repeat","background-position":"center center","background-size":"auto","background-attachment":"scroll","background-type":"","background-media":"","overlay-type":"","overlay-color":"","overlay-opacity":"","overlay-gradient":""},"tablet":{"background-color":"var(--ast-global-color-5)","background-image":"","background-repeat":"repeat","background-position":"center center","background-size":"auto","background-attachment":"scroll","background-type":"","background-media":"","overlay-type":"","overlay-color":"","overlay-opacity":"","overlay-gradient":""},"mobile":{"background-color":"var(--ast-global-color-5)","background-image":"","background-repeat":"repeat","background-position":"center center","background-size":"auto","background-attachment":"scroll","background-type":"","background-media":"","overlay-type":"","overlay-color":"","overlay-opacity":"","overlay-gradient":""}},"footnotes":""},"class_list":["post-8","page","type-page","status-publish","hentry"],"_links":{"self":[{"href":"https:\/\/abogadopedrocarvajal.cl\/index.php?rest_route=\/wp\/v2\/pages\/8","targetHints":{"allow":["GET"]}}],"collection":[{"href":"https:\/\/abogadopedrocarvajal.cl\/index.php?rest_route=\/wp\/v2\/pages"}],"about":[{"href":"https:\/\/abogadopedrocarvajal.cl\/index.php?rest_route=\/wp\/v2\/types\/page"}],"author":[{"embeddable":true,"href":"https:\/\/abogadopedrocarvajal.cl\/index.php?rest_route=\/wp\/v2\/users\/1"}],"replies":[{"embeddable":true,"href":"https:\/\/abogadopedrocarvajal.cl\/index.php?rest_route=%2Fwp%2Fv2%2Fcomments&post=8"}],"version-history":[{"count":73,"href":"https:\/\/abogadopedrocarvajal.cl\/index.php?rest_route=\/wp\/v2\/pages\/8\/revisions"}],"predecessor-version":[{"id":188,"href":"https:\/\/abogadopedrocarvajal.cl\/index.php?rest_route=\/wp\/v2\/pages\/8\/revisions\/188"}],"wp:attachment":[{"href":"https:\/\/abogadopedrocarvajal.cl\/index.php?rest_route=%2Fwp%2Fv2%2Fmedia&parent=8"}],"curies":[{"name":"wp","href":"https:\/\/api.w.org\/{rel}","templated":true}]}}